{"id":5201,"date":"2024-03-24T11:45:59","date_gmt":"2024-03-24T11:45:59","guid":{"rendered":"https:\/\/sketcho.nl\/?page_id=5201"},"modified":"2024-08-07T07:41:07","modified_gmt":"2024-08-07T07:41:07","slug":"point-cloud-services","status":"publish","type":"page","link":"https:\/\/www.sketcho.nl\/nl\/services\/custom-solutions\/point-cloud-services\/","title":{"rendered":"Diensten voor puntwolken"},"content":{"rendered":"<div data-elementor-type=\"wp-page\" data-elementor-id=\"5201\" class=\"elementor elementor-5201\" data-elementor-post-type=\"page\">\n\t\t\t\t\t\t<section class=\"elementor-section elementor-top-section elementor-element elementor-element-aec396a elementor-section-full_width elementor-section-content-middle elementor-section-height-default elementor-section-height-default\" data-id=\"aec396a\" data-element_type=\"section\" data-settings=\"{&quot;background_background&quot;:&quot;classic&quot;}\">\n\t\t\t\t\t\t<div class=\"elementor-container elementor-column-gap-no\">\n\t\t\t\t\t<div class=\"elementor-column elementor-col-50 elementor-top-column elementor-element elementor-element-f4f8daa ot-flex-column-vertical\" data-id=\"f4f8daa\" data-element_type=\"column\">\n\t\t\t<div class=\"elementor-widget-wrap elementor-element-populated\">\n\t\t\t\t\t\t<div class=\"elementor-element elementor-element-903ab39 image-fullcol elementor-widget elementor-widget-image\" data-id=\"903ab39\" data-element_type=\"widget\" data-widget_type=\"image.default\">\n\t\t\t\t<div class=\"elementor-widget-container\">\n\t\t\t\t\t\t\t\t\t\t\t\t\t\t\t<img fetchpriority=\"high\" decoding=\"async\" width=\"1046\" height=\"803\" src=\"https:\/\/www.sketcho.nl\/wp-content\/uploads\/2024\/03\/Precision-Redefined-for.webp\" class=\"attachment-full size-full wp-image-5205\" alt=\"\" srcset=\"https:\/\/www.sketcho.nl\/wp-content\/uploads\/2024\/03\/Precision-Redefined-for.webp 1046w, https:\/\/www.sketcho.nl\/wp-content\/uploads\/2024\/03\/Precision-Redefined-for-300x230.webp 300w, https:\/\/www.sketcho.nl\/wp-content\/uploads\/2024\/03\/Precision-Redefined-for-1024x786.webp 1024w, https:\/\/www.sketcho.nl\/wp-content\/uploads\/2024\/03\/Precision-Redefined-for-768x590.webp 768w, https:\/\/www.sketcho.nl\/wp-content\/uploads\/2024\/03\/Precision-Redefined-for-16x12.webp 16w\" sizes=\"(max-width: 1046px) 100vw, 1046px\" \/>\t\t\t\t\t\t\t\t\t\t\t\t\t\t\t<\/div>\n\t\t\t\t<\/div>\n\t\t\t\t\t<\/div>\n\t\t<\/div>\n\t\t\t\t<div class=\"elementor-column elementor-col-50 elementor-top-column elementor-element elementor-element-109d96e common_paddingtext ot-flex-column-vertical\" data-id=\"109d96e\" data-element_type=\"column\" data-settings=\"{&quot;background_background&quot;:&quot;classic&quot;}\">\n\t\t\t<div class=\"elementor-widget-wrap elementor-element-populated\">\n\t\t\t\t\t\t<section class=\"elementor-section elementor-inner-section elementor-element elementor-element-8934c21 elementor-section-boxed elementor-section-height-default elementor-section-height-default\" data-id=\"8934c21\" data-element_type=\"section\">\n\t\t\t\t\t\t<div class=\"elementor-container elementor-column-gap-default\">\n\t\t\t\t\t<div class=\"elementor-column elementor-col-100 elementor-inner-column elementor-element elementor-element-44f7e9b ot-flex-column-vertical\" data-id=\"44f7e9b\" data-element_type=\"column\">\n\t\t\t<div class=\"elementor-widget-wrap elementor-element-populated\">\n\t\t\t\t\t\t<div class=\"elementor-element elementor-element-9d2270a elementor-widget elementor-widget-iheading\" data-id=\"9d2270a\" data-element_type=\"widget\" data-widget_type=\"iheading.default\">\n\t\t\t\t<div class=\"elementor-widget-container\">\n\t\t\t\t\t\t\t<div class=\"ot-heading\">\r\n\t        \t        <h2 class=\"main-heading\">Precisie opnieuw gedefinieerd voor ge\u00efnformeerde beslissingen<\/h2>\t    <\/div>\r\n\t    \t\t\t\t<\/div>\n\t\t\t\t<\/div>\n\t\t\t\t<div class=\"elementor-element elementor-element-23256af elementor-widget elementor-widget-text-editor\" data-id=\"23256af\" data-element_type=\"widget\" data-widget_type=\"text-editor.default\">\n\t\t\t\t<div class=\"elementor-widget-container\">\n\t\t\t\t\t\t\t\t\t<p>De Point Cloud Services van Sketcho bieden onge\u00ebvenaarde precisie, zodat je goed ge\u00efnformeerde beslissingen kunt nemen voor je projecten. Door het omzetten van laserscans in gedetailleerde BIM-modellen voorzien we je van nauwkeurige gegevens om ontwerpen te optimaliseren, workflows te stroomlijnen en met vertrouwen door projecten te navigeren. Onze nauwkeurige metingen en visualisaties zorgen ervoor dat je de duidelijkheid en het vertrouwen hebt die nodig zijn om weloverwogen beslissingen te nemen in elke fase van je project.<\/p><p>Met Sketcho's Point Cloud Services kun je de kracht van precisie gebruiken om succes te stimuleren en je projectdoelen met vertrouwen te bereiken.<\/p>\t\t\t\t\t\t\t\t<\/div>\n\t\t\t\t<\/div>\n\t\t\t\t<div class=\"elementor-element elementor-element-df38b07 elementor-widget__width-auto elementor-widget elementor-widget-button\" data-id=\"df38b07\" data-element_type=\"widget\" data-widget_type=\"button.default\">\n\t\t\t\t<div class=\"elementor-widget-container\">\n\t\t\t\t\t\t\t\t\t<div class=\"elementor-button-wrapper\">\n\t\t\t\t\t<a class=\"elementor-button elementor-button-link elementor-size-sm\" href=\"https:\/\/www.sketcho.nl\/nl\/contacts\/#contact_form\">\n\t\t\t\t\t\t<span class=\"elementor-button-content-wrapper\">\n\t\t\t\t\t\t\t\t\t<span class=\"elementor-button-text\">Contact Ons<\/span>\n\t\t\t\t\t<\/span>\n\t\t\t\t\t<\/a>\n\t\t\t\t<\/div>\n\t\t\t\t\t\t\t\t<\/div>\n\t\t\t\t<\/div>\n\t\t\t\t\t<\/div>\n\t\t<\/div>\n\t\t\t\t\t<\/div>\n\t\t<\/section>\n\t\t\t\t\t<\/div>\n\t\t<\/div>\n\t\t\t\t\t<\/div>\n\t\t<\/section>\n\t\t<div class=\"elementor-element elementor-element-54619bd e-con-full e-flex e-con e-parent\" data-id=\"54619bd\" data-element_type=\"container\">\n\t\t\t\t<div class=\"elementor-element elementor-element-e9170aa elementor-widget elementor-widget-template\" data-id=\"e9170aa\" data-element_type=\"widget\" data-widget_type=\"template.default\">\n\t\t\t\t<div class=\"elementor-widget-container\">\n\t\t\t\t\t\t\t<div class=\"elementor-template\">\n\t\t\t\t\t<div data-elementor-type=\"container\" data-elementor-id=\"5755\" class=\"elementor elementor-5755\" data-elementor-post-type=\"elementor_library\">\n\t\t\t\t<div class=\"elementor-element elementor-element-1ead468f upcoming_project e-flex e-con-boxed e-con e-parent\" data-id=\"1ead468f\" data-element_type=\"container\" data-settings=\"{&quot;background_background&quot;:&quot;classic&quot;}\">\n\t\t\t\t\t<div class=\"e-con-inner\">\n\t\t\t\t<div class=\"elementor-element elementor-element-3b72d7e0 theratio-align-center elementor-widget elementor-widget-iheading\" data-id=\"3b72d7e0\" data-element_type=\"widget\" data-widget_type=\"iheading.default\">\n\t\t\t\t<div class=\"elementor-widget-container\">\n\t\t\t\t\t\t\t<div class=\"ot-heading\">\r\n\t        <span>Werk met ons !<\/span>\t        <h2 class=\"main-heading\">Heb een aankomend project<\/h2>\t    <\/div>\r\n\t    \t\t\t\t<\/div>\n\t\t\t\t<\/div>\n\t\t\t\t<div class=\"elementor-element elementor-element-c2ba61 max_para900 elementor-widget elementor-widget-text-editor\" data-id=\"c2ba61\" data-element_type=\"widget\" data-widget_type=\"text-editor.default\">\n\t\t\t\t<div class=\"elementor-widget-container\">\n\t\t\t\t\t\t\t\t\t<p>Zet de eerste stap naar het succes van uw project. Neem nu contact met ons op en laten we ervoor zorgen dat het gebeurt!<\/p>\t\t\t\t\t\t\t\t<\/div>\n\t\t\t\t<\/div>\n\t\t\t\t<div class=\"elementor-element elementor-element-59c1942 elementor-widget__width-auto elementor-widget elementor-widget-button\" data-id=\"59c1942\" data-element_type=\"widget\" data-widget_type=\"button.default\">\n\t\t\t\t<div class=\"elementor-widget-container\">\n\t\t\t\t\t\t\t\t\t<div class=\"elementor-button-wrapper\">\n\t\t\t\t\t<a class=\"elementor-button elementor-button-link elementor-size-sm\" href=\"https:\/\/www.sketcho.nl\/nl\/contacts\/\">\n\t\t\t\t\t\t<span class=\"elementor-button-content-wrapper\">\n\t\t\t\t\t\t\t\t\t<span class=\"elementor-button-text\">een vergadering inplannen<\/span>\n\t\t\t\t\t<\/span>\n\t\t\t\t\t<\/a>\n\t\t\t\t<\/div>\n\t\t\t\t\t\t\t\t<\/div>\n\t\t\t\t<\/div>\n\t\t\t\t\t<\/div>\n\t\t\t\t<\/div>\n\t\t\t\t<\/div>\n\t\t\t\t<\/div>\n\t\t\t\t\t\t<\/div>\n\t\t\t\t<\/div>\n\t\t\t\t<\/div>\n\t\t<div class=\"elementor-element elementor-element-2dd6f84 e-con-full e-flex e-con e-parent\" data-id=\"2dd6f84\" data-element_type=\"container\">\n\t\t\t\t<div class=\"elementor-element elementor-element-a0cb4ad elementor-widget elementor-widget-template\" data-id=\"a0cb4ad\" data-element_type=\"widget\" data-widget_type=\"template.default\">\n\t\t\t\t<div class=\"elementor-widget-container\">\n\t\t\t\t\t\t\t<div class=\"elementor-template\">\n\t\t\t\t\t<div data-elementor-type=\"section\" data-elementor-id=\"5769\" class=\"elementor elementor-5769\" data-elementor-post-type=\"elementor_library\">\n\t\t\t\t\t<section class=\"elementor-section elementor-top-section elementor-element elementor-element-24718405 ptb-80 testimonial_Warpper elementor-section-full_width elementor-section-height-default elementor-section-height-default\" data-id=\"24718405\" data-element_type=\"section\" data-settings=\"{&quot;background_background&quot;:&quot;classic&quot;}\">\n\t\t\t\t\t\t<div class=\"elementor-container elementor-column-gap-default\">\n\t\t\t\t\t<div class=\"elementor-column elementor-col-100 elementor-top-column elementor-element elementor-element-61c99d26 ot-flex-column-vertical\" data-id=\"61c99d26\" data-element_type=\"column\">\n\t\t\t<div class=\"elementor-widget-wrap elementor-element-populated\">\n\t\t\t\t\t\t<div class=\"elementor-element elementor-element-3f25513c theratio-align-center common_headinh2 elementor-widget elementor-widget-iheading\" data-id=\"3f25513c\" data-element_type=\"widget\" data-widget_type=\"iheading.default\">\n\t\t\t\t<div class=\"elementor-widget-container\">\n\t\t\t\t\t\t\t<div class=\"ot-heading\">\r\n\t        <span>Lees onze klantervaringen<\/span>\t        <h2 class=\"main-heading\">Wat mensen zeggen<\/h2>\t    <\/div>\r\n\t    \t\t\t\t<\/div>\n\t\t\t\t<\/div>\n\t\t\t\t<div class=\"elementor-element elementor-element-6957f371 testimonial_SLiderBox elementor-widget elementor-widget-itestimonials\" data-id=\"6957f371\" data-element_type=\"widget\" data-widget_type=\"itestimonials.default\">\n\t\t\t\t<div class=\"elementor-widget-container\">\n\t\t\t\t\t\r\n\t\t<div class=\"ot-testimonials v-light\">\t\t\t\t\t\t\r\n\t\t\t\r\n\t\t\t<div class=\"testimonial-inner ot-testimonials-slider-s1 swiper swiper-container\" data-slider_options=\"{&quot;slides_show_desktop&quot;:2,&quot;slides_show_tablet&quot;:1,&quot;slides_show_mobile&quot;:1,&quot;slides_scroll_desktop&quot;:1,&quot;slides_scroll_tablet&quot;:1,&quot;slides_scroll_mobile&quot;:1,&quot;arrows&quot;:false,&quot;dots&quot;:true}\"  >\r\n\t\t\t\t<div class=\"swiper-wrapper\">\r\n\t\t\t\t\t\t\t\t\t<div class=\"swiper-slide\">\r\n\t\t\t\t\t\t<div class=\"testi-item\">\r\n\t\t\t\t\t        <div class=\"ttext\">\r\n\t\t\t\t\t        \t<div class=\"layer-behind\"><\/div>\r\n\t\t\t\t\t        \t<span><\/span>\r\n\t\t\t\t\t        \tSamen met het team van Sketcho werkt BOUWBURO rood-hart al meer dan 5 jaar aan diverse projecten. Nevon en zijn collega\u2019s staan altijd klaar om te voldoen aan onze hoge eisen en wensen waarbij de planning altijd wordt gehaald. Als BOUWBURO rood-hart zijn wij dan ook zeer content met onze samenwerking en zien uit naar een rooskleurige toekomst\t\t\t\t\t        <\/div>\r\n\t\t\t\t\t        <div class=\"t-head flex-middle\">\r\n\t\t\t\t\t\t\t\t<img decoding=\"async\" width=\"150\" height=\"150\" src=\"https:\/\/www.sketcho.nl\/wp-content\/uploads\/2024\/04\/bbrh1-150x150.webp\" class=\"attachment-thumbnail size-thumbnail\" alt=\"\" srcset=\"https:\/\/www.sketcho.nl\/wp-content\/uploads\/2024\/04\/bbrh1-150x150.webp 150w, https:\/\/www.sketcho.nl\/wp-content\/uploads\/2024\/04\/bbrh1-11x12.webp 11w\" sizes=\"(max-width: 150px) 100vw, 150px\" \/>\t\t\t\t\t        \t<div class=\"tinfo\">\r\n\t\t\t\t\t        \t\t<h6>Vincent Roodhart<\/h6>\r\n\t\t\t\t\t        \t\t<span>Director @ Bouwburo rood-hart<\/span>\t\t\t\t\t        \t<\/div>\r\n\t\t\t\t        \t<\/div>\r\n\t\t\t        \t<\/div>\r\n\t\t\t\t\t<\/div>\r\n\t\t\t\t\t\t\t\t\t<div class=\"swiper-slide\">\r\n\t\t\t\t\t\t<div class=\"testi-item\">\r\n\t\t\t\t\t        <div class=\"ttext\">\r\n\t\t\t\t\t        \t<div class=\"layer-behind\"><\/div>\r\n\t\t\t\t\t        \t<span><\/span>\r\n\t\t\t\t\t        \tBij Interflow is Nevon een zeer gewaardeerde kracht die het modelleurs niveau verbeterd en zorgt voor de implementatie van tools en tricks op het gebied van Revit. Niet alleen voor hemzelf maar voor het volledige team wordt dit vervolgens doorgevoerd. Nevon streeft altijd naar de hoogste kwaliteit waardoor faalkosten in het verdere traject na definitief ontwerp zoveel als mogelijk worden voorkomen. Gedreven, enthousiast, gestructureerd, flexibel zijn dan ook eigenschappen die we herkennen bij Nevon. Ga zo door!\t\t\t\t\t        <\/div>\r\n\t\t\t\t\t        <div class=\"t-head flex-middle\">\r\n\t\t\t\t\t\t\t\t<img decoding=\"async\" width=\"150\" height=\"150\" src=\"https:\/\/www.sketcho.nl\/wp-content\/uploads\/2024\/04\/placeholder-150x150.webp\" class=\"attachment-thumbnail size-thumbnail\" alt=\"\" srcset=\"https:\/\/www.sketcho.nl\/wp-content\/uploads\/2024\/04\/placeholder-150x150.webp 150w, https:\/\/www.sketcho.nl\/wp-content\/uploads\/2024\/04\/placeholder-300x300.webp 300w, https:\/\/www.sketcho.nl\/wp-content\/uploads\/2024\/04\/placeholder-12x12.webp 12w, https:\/\/www.sketcho.nl\/wp-content\/uploads\/2024\/04\/placeholder.webp 385w\" sizes=\"(max-width: 150px) 100vw, 150px\" \/>\t\t\t\t\t        \t<div class=\"tinfo\">\r\n\t\t\t\t\t        \t\t<h6>Arjen Bijl<\/h6>\r\n\t\t\t\t\t        \t\t<span>Projectleider bouw en Inrichting @ Interflow<\/span>\t\t\t\t\t        \t<\/div>\r\n\t\t\t\t        \t<\/div>\r\n\t\t\t        \t<\/div>\r\n\t\t\t\t\t<\/div>\r\n\t\t\t\t\t\t\t\t\t<div class=\"swiper-slide\">\r\n\t\t\t\t\t\t<div class=\"testi-item\">\r\n\t\t\t\t\t        <div class=\"ttext\">\r\n\t\t\t\t\t        \t<div class=\"layer-behind\"><\/div>\r\n\t\t\t\t\t        \t<span><\/span>\r\n\t\t\t\t\t        \tMet Nevon heb ik fijn samengewerkt aan een aantal uitdagende en complexe projecten. Hij is secuur, betrokken en geeft goede feedback. Met zijn bouwkundige kennis kijkt hij integraal naar een installatieontwerp, wat ten goede komt aan de kwaliteit van het modelleerwerk.\t\t\t\t\t        <\/div>\r\n\t\t\t\t\t        <div class=\"t-head flex-middle\">\r\n\t\t\t\t\t\t\t\t<img loading=\"lazy\" decoding=\"async\" width=\"150\" height=\"150\" src=\"https:\/\/www.sketcho.nl\/wp-content\/uploads\/2024\/04\/terb-150x150.webp\" class=\"attachment-thumbnail size-thumbnail\" alt=\"\" srcset=\"https:\/\/www.sketcho.nl\/wp-content\/uploads\/2024\/04\/terb-150x150.webp 150w, https:\/\/www.sketcho.nl\/wp-content\/uploads\/2024\/04\/terb-11x12.webp 11w\" sizes=\"(max-width: 150px) 100vw, 150px\" \/>\t\t\t\t\t        \t<div class=\"tinfo\">\r\n\t\t\t\t\t        \t\t<h6>Willem van Lambalgen<\/h6>\r\n\t\t\t\t\t        \t\t<span>ingenieur @ Terberg |Totaal Installaties<\/span>\t\t\t\t\t        \t<\/div>\r\n\t\t\t\t        \t<\/div>\r\n\t\t\t        \t<\/div>\r\n\t\t\t\t\t<\/div>\r\n\t\t\t\t\t\t\t\t\t<div class=\"swiper-slide\">\r\n\t\t\t\t\t\t<div class=\"testi-item\">\r\n\t\t\t\t\t        <div class=\"ttext\">\r\n\t\t\t\t\t        \t<div class=\"layer-behind\"><\/div>\r\n\t\t\t\t\t        \t<span><\/span>\r\n\t\t\t\t\t        \tNevon\/Sketcho zijn geweldig om mee te werken. Hij heeft veel kennis van de bouwwetenschappen en heeft mijn idee\u00ebn\/visie precies uitgevoerd. Ik had een ietwat complexe renovatie\/uitbreiding van een woning, waarbij ik een kerk in een woonhuis aan het verbouwen ben, en had de extra complicatie dat mijn locatie in een overstromingsgebied lag; bovendien zal de bouw in meerdere fasen worden voltooid. Ik was een beetje huiverig om iemand op afstand in dienst te nemen. Vooral iemand die niet in de VS was, aangezien de bouwvoorschriften van land tot land verschillen. Dit was echter helemaal geen probleem, en in feite bracht Nevon een zeer gewaardeerde Europese mentaliteit in het project. Ik beveel Nevon en Sketcho ten zeerste aan. Ik zou opnieuw inhuren.\t\t\t\t\t        <\/div>\r\n\t\t\t\t\t        <div class=\"t-head flex-middle\">\r\n\t\t\t\t\t\t\t\t<img loading=\"lazy\" decoding=\"async\" width=\"150\" height=\"150\" src=\"https:\/\/www.sketcho.nl\/wp-content\/uploads\/2024\/04\/fiver-150x150.webp\" class=\"attachment-thumbnail size-thumbnail\" alt=\"\" srcset=\"https:\/\/www.sketcho.nl\/wp-content\/uploads\/2024\/04\/fiver-150x150.webp 150w, https:\/\/www.sketcho.nl\/wp-content\/uploads\/2024\/04\/fiver-11x12.webp 11w\" sizes=\"(max-width: 150px) 100vw, 150px\" \/>\t\t\t\t\t        \t<div class=\"tinfo\">\r\n\t\t\t\t\t        \t\t<h6>Andrew Ellis<\/h6>\r\n\t\t\t\t\t        \t\t<span>via Fiverr.com<\/span>\t\t\t\t\t        \t<\/div>\r\n\t\t\t\t        \t<\/div>\r\n\t\t\t        \t<\/div>\r\n\t\t\t\t\t<\/div>\r\n\t\t\t\t\t\t\t\t\t<div class=\"swiper-slide\">\r\n\t\t\t\t\t\t<div class=\"testi-item\">\r\n\t\t\t\t\t        <div class=\"ttext\">\r\n\t\t\t\t\t        \t<div class=\"layer-behind\"><\/div>\r\n\t\t\t\t\t        \t<span><\/span>\r\n\t\t\t\t\t        \tEen van de beste ervaringen die ik heb gehad met externe medewerkers. Deze man is toegewijd en zeer bekwaam. Ik zal met Nevon blijven samenwerken. als u twijfelt over het werken met Nevon. U kunt er zeker van zijn dat hij er zal zijn en u precies zal bieden waar u om vraagt.\t\t\t\t\t        <\/div>\r\n\t\t\t\t\t        <div class=\"t-head flex-middle\">\r\n\t\t\t\t\t\t\t\t<img loading=\"lazy\" decoding=\"async\" width=\"150\" height=\"150\" src=\"https:\/\/www.sketcho.nl\/wp-content\/uploads\/2024\/04\/fiver-150x150.webp\" class=\"attachment-thumbnail size-thumbnail\" alt=\"\" srcset=\"https:\/\/www.sketcho.nl\/wp-content\/uploads\/2024\/04\/fiver-150x150.webp 150w, https:\/\/www.sketcho.nl\/wp-content\/uploads\/2024\/04\/fiver-11x12.webp 11w\" sizes=\"(max-width: 150px) 100vw, 150px\" \/>\t\t\t\t\t        \t<div class=\"tinfo\">\r\n\t\t\t\t\t        \t\t<h6>Robert Daniel<\/h6>\r\n\t\t\t\t\t        \t\t<span>via Fiverr.com<\/span>\t\t\t\t\t        \t<\/div>\r\n\t\t\t\t        \t<\/div>\r\n\t\t\t        \t<\/div>\r\n\t\t\t\t\t<\/div>\r\n\t\t\t\t\t\t\t\t\t<div class=\"swiper-slide\">\r\n\t\t\t\t\t\t<div class=\"testi-item\">\r\n\t\t\t\t\t        <div class=\"ttext\">\r\n\t\t\t\t\t        \t<div class=\"layer-behind\"><\/div>\r\n\t\t\t\t\t        \t<span><\/span>\r\n\t\t\t\t\t        \tIk werk fijn met Nevon samen aan een orthopedische kliniek. Nevon is verantwoordelijk voor de bouwkundige engineering in Revit en BIM-co\u00f6rdinatie. Nevon is wat bescheiden en stil. Als je hem iets vraagt, dan heeft hij zijn werkzaamheden goed voor elkaar. De kwaliteit van z\u2019n werk komt op de eerste plaats. Als er meer tijd nodig is dan maakt hij het zonodig na kantoortijd af, want afspraken nakomen vindt hij ook belangrijk. Hij werkt gestructureerd en heeft goed in de gaten dat het in projecten draait om goede samenwerking met alle betrokkenen. Nevon wil telkens nieuwe uitdagingen aangaan en heeft de ambitie om z\u2019n eigen bedrijf Sketcho verder uit te bouwen. Hij ontwikkelt daarvoor de nodige tools. Ik wens hem daarbij alle succes! Hopelijk gaat hij nog veel betekenen voor Interflow.\t\t\t\t\t        <\/div>\r\n\t\t\t\t\t        <div class=\"t-head flex-middle\">\r\n\t\t\t\t\t\t\t\t<img decoding=\"async\" width=\"150\" height=\"150\" src=\"https:\/\/www.sketcho.nl\/wp-content\/uploads\/2024\/04\/placeholder-150x150.webp\" class=\"attachment-thumbnail size-thumbnail\" alt=\"\" srcset=\"https:\/\/www.sketcho.nl\/wp-content\/uploads\/2024\/04\/placeholder-150x150.webp 150w, https:\/\/www.sketcho.nl\/wp-content\/uploads\/2024\/04\/placeholder-300x300.webp 300w, https:\/\/www.sketcho.nl\/wp-content\/uploads\/2024\/04\/placeholder-12x12.webp 12w, https:\/\/www.sketcho.nl\/wp-content\/uploads\/2024\/04\/placeholder.webp 385w\" sizes=\"(max-width: 150px) 100vw, 150px\" \/>\t\t\t\t\t        \t<div class=\"tinfo\">\r\n\t\t\t\t\t        \t\t<h6>Pieter Geradts<\/h6>\r\n\t\t\t\t\t        \t\t<span>Projectmanager @ BAM A&E<\/span>\t\t\t\t\t        \t<\/div>\r\n\t\t\t\t        \t<\/div>\r\n\t\t\t        \t<\/div>\r\n\t\t\t\t\t<\/div>\r\n\t\t\t\t\t\t\t\t\t<div class=\"swiper-slide\">\r\n\t\t\t\t\t\t<div class=\"testi-item\">\r\n\t\t\t\t\t        <div class=\"ttext\">\r\n\t\t\t\t\t        \t<div class=\"layer-behind\"><\/div>\r\n\t\t\t\t\t        \t<span><\/span>\r\n\t\t\t\t\t        \tEen ontwerp voor de lay-out van keukenleidingen in containers is meestal niet een taak waar de meeste ingenieurs naar uitkijken, maar ik was echt onder de indruk van de bereidheid van het team van Nevon en Sketcho om ons werk gemakkelijker te maken. Ze staan \u200b\u200baltijd klaar om vragen te beantwoorden en te helpen bij wijzigingen. Sketcho heeft de manier waarop ik met ingenieurs werk totaal veranderd, het is zo effici\u00ebnt en zorgt ervoor dat we al onze gegevens op \u00e9\u00e9n plek hebben.\t\t\t\t\t        <\/div>\r\n\t\t\t\t\t        <div class=\"t-head flex-middle\">\r\n\t\t\t\t\t\t\t\t<img decoding=\"async\" width=\"150\" height=\"150\" src=\"https:\/\/www.sketcho.nl\/wp-content\/uploads\/2024\/04\/placeholder-150x150.webp\" class=\"attachment-thumbnail size-thumbnail\" alt=\"\" srcset=\"https:\/\/www.sketcho.nl\/wp-content\/uploads\/2024\/04\/placeholder-150x150.webp 150w, https:\/\/www.sketcho.nl\/wp-content\/uploads\/2024\/04\/placeholder-300x300.webp 300w, https:\/\/www.sketcho.nl\/wp-content\/uploads\/2024\/04\/placeholder-12x12.webp 12w, https:\/\/www.sketcho.nl\/wp-content\/uploads\/2024\/04\/placeholder.webp 385w\" sizes=\"(max-width: 150px) 100vw, 150px\" \/>\t\t\t\t\t        \t<div class=\"tinfo\">\r\n\t\t\t\t\t        \t\t<h6>Rimon Abdulahad<\/h6>\r\n\t\t\t\t\t        \t\t<span>Director @ Design Weather<\/span>\t\t\t\t\t        \t<\/div>\r\n\t\t\t\t        \t<\/div>\r\n\t\t\t        \t<\/div>\r\n\t\t\t\t\t<\/div>\r\n\t\t\t\t\t\t\t\t\t<div class=\"swiper-slide\">\r\n\t\t\t\t\t\t<div class=\"testi-item\">\r\n\t\t\t\t\t        <div class=\"ttext\">\r\n\t\t\t\t\t        \t<div class=\"layer-behind\"><\/div>\r\n\t\t\t\t\t        \t<span><\/span>\r\n\t\t\t\t\t        \tBetrouwbaar bedrijf met 5-sterrenvaardigheden. Een project gedaan voor de gemeente Moerdijk en ze waren best tevreden. Deze gevoelens worden dus op ons overgedragen: we zijn zeer tevreden over Sketcho. Zou het zeker aanbevelen.\t\t\t\t\t        <\/div>\r\n\t\t\t\t\t        <div class=\"t-head flex-middle\">\r\n\t\t\t\t\t\t\t\t<img decoding=\"async\" width=\"150\" height=\"150\" src=\"https:\/\/www.sketcho.nl\/wp-content\/uploads\/2024\/04\/placeholder-150x150.webp\" class=\"attachment-thumbnail size-thumbnail\" alt=\"\" srcset=\"https:\/\/www.sketcho.nl\/wp-content\/uploads\/2024\/04\/placeholder-150x150.webp 150w, https:\/\/www.sketcho.nl\/wp-content\/uploads\/2024\/04\/placeholder-300x300.webp 300w, https:\/\/www.sketcho.nl\/wp-content\/uploads\/2024\/04\/placeholder-12x12.webp 12w, https:\/\/www.sketcho.nl\/wp-content\/uploads\/2024\/04\/placeholder.webp 385w\" sizes=\"(max-width: 150px) 100vw, 150px\" \/>\t\t\t\t\t        \t<div class=\"tinfo\">\r\n\t\t\t\t\t        \t\t<h6>Furkan Yilmaz<\/h6>\r\n\t\t\t\t\t        \t\t<span>BIM Specialist @ Van Boekel<\/span>\t\t\t\t\t        \t<\/div>\r\n\t\t\t\t        \t<\/div>\r\n\t\t\t        \t<\/div>\r\n\t\t\t\t\t<\/div>\r\n\t\t\t\t\t\t\t\t\t<div class=\"swiper-slide\">\r\n\t\t\t\t\t\t<div class=\"testi-item\">\r\n\t\t\t\t\t        <div class=\"ttext\">\r\n\t\t\t\t\t        \t<div class=\"layer-behind\"><\/div>\r\n\t\t\t\t\t        \t<span><\/span>\r\n\t\t\t\t\t        \tNevon is iemand met heel ruime ervaring met BIM en revit. Hij heeft mij ook al een aantal malen dingen laten zien die ikzelf nog niet wist. Daarnaast heeft Nevon veel kennis van bouw maar ook installatietechniek en elektrotechniek. Bij Interflow heb ik verschillende projecten met hem samengewerkt tot grote tevredenheid.\t\t\t\t\t        <\/div>\r\n\t\t\t\t\t        <div class=\"t-head flex-middle\">\r\n\t\t\t\t\t\t\t\t<img decoding=\"async\" width=\"150\" height=\"150\" src=\"https:\/\/www.sketcho.nl\/wp-content\/uploads\/2024\/04\/placeholder-150x150.webp\" class=\"attachment-thumbnail size-thumbnail\" alt=\"\" srcset=\"https:\/\/www.sketcho.nl\/wp-content\/uploads\/2024\/04\/placeholder-150x150.webp 150w, https:\/\/www.sketcho.nl\/wp-content\/uploads\/2024\/04\/placeholder-300x300.webp 300w, https:\/\/www.sketcho.nl\/wp-content\/uploads\/2024\/04\/placeholder-12x12.webp 12w, https:\/\/www.sketcho.nl\/wp-content\/uploads\/2024\/04\/placeholder.webp 385w\" sizes=\"(max-width: 150px) 100vw, 150px\" \/>\t\t\t\t\t        \t<div class=\"tinfo\">\r\n\t\t\t\t\t        \t\t<h6>Wilco Faber<\/h6>\r\n\t\t\t\t\t        \t\t<span>BIM Engineer @ Interflow<\/span>\t\t\t\t\t        \t<\/div>\r\n\t\t\t\t        \t<\/div>\r\n\t\t\t        \t<\/div>\r\n\t\t\t\t\t<\/div>\r\n\t\t\t\t\t\t\t\t<\/div>\r\n\r\n\t\t\t\t\t\t\t\t\t\t\t\t<!-- Add Dots -->\r\n\t\t\t\t<div class=\"octf-swiper-pagination\"><\/div>\r\n\t\t\t\t\t\t\t<\/div>\t\t\t\t\r\n\t    <\/div>\r\n\r\n\t    \t\t\t\t<\/div>\n\t\t\t\t<\/div>\n\t\t\t\t\t<\/div>\n\t\t<\/div>\n\t\t\t\t\t<\/div>\n\t\t<\/section>\n\t\t\t\t<\/div>\n\t\t\t\t<\/div>\n\t\t\t\t\t\t<\/div>\n\t\t\t\t<\/div>\n\t\t\t\t<\/div>\n\t\t\t\t<\/div>","protected":false},"excerpt":{"rendered":"<p>Precision Redefined for Informed Decisions With Sketcho, BIM capabilities are expanded to encompass 4D planning, giving project management a crucial new aspect. We provide dynamic simulations that show the building sequence and project phasing over time by incorporating time-related data into BIM models. Through the use of Sketcho&#8217;s 4D planning services, project managers can uncover [&hellip;]<\/p>","protected":false},"author":1,"featured_media":0,"parent":5184,"menu_order":0,"comment_status":"closed","ping_status":"closed","template":"elementor_header_footer","meta":{"om_disable_all_campaigns":false,"_monsterinsights_skip_tracking":false,"_monsterinsights_sitenote_active":false,"_monsterinsights_sitenote_note":"","_monsterinsights_sitenote_category":0,"_uf_show_specific_survey":0,"_uf_disable_surveys":false,"footnotes":""},"class_list":["post-5201","page","type-page","status-publish","hentry"],"aioseo_notices":[],"_links":{"self":[{"href":"https:\/\/www.sketcho.nl\/nl\/wp-json\/wp\/v2\/pages\/5201","targetHints":{"allow":["GET"]}}],"collection":[{"href":"https:\/\/www.sketcho.nl\/nl\/wp-json\/wp\/v2\/pages"}],"about":[{"href":"https:\/\/www.sketcho.nl\/nl\/wp-json\/wp\/v2\/types\/page"}],"author":[{"embeddable":true,"href":"https:\/\/www.sketcho.nl\/nl\/wp-json\/wp\/v2\/users\/1"}],"replies":[{"embeddable":true,"href":"https:\/\/www.sketcho.nl\/nl\/wp-json\/wp\/v2\/comments?post=5201"}],"version-history":[{"count":14,"href":"https:\/\/www.sketcho.nl\/nl\/wp-json\/wp\/v2\/pages\/5201\/revisions"}],"predecessor-version":[{"id":6456,"href":"https:\/\/www.sketcho.nl\/nl\/wp-json\/wp\/v2\/pages\/5201\/revisions\/6456"}],"up":[{"embeddable":true,"href":"https:\/\/www.sketcho.nl\/nl\/wp-json\/wp\/v2\/pages\/5184"}],"wp:attachment":[{"href":"https:\/\/www.sketcho.nl\/nl\/wp-json\/wp\/v2\/media?parent=5201"}],"curies":[{"name":"wp","href":"https:\/\/api.w.org\/{rel}","templated":true}]}}